{"id":13354,"date":"2022-01-05T09:32:57","date_gmt":"2022-01-05T09:32:57","guid":{"rendered":"https:\/\/ymasonproperties.com\/?page_id=13354"},"modified":"2023-08-27T17:27:09","modified_gmt":"2023-08-27T17:27:09","slug":"legal-notice","status":"publish","type":"page","link":"https:\/\/ymasonproperties.com\/es\/legal-notice\/","title":{"rendered":"Aviso Legal"},"content":{"rendered":"<p>Este sitio web y todos sus contenidos, incluidos los servicios prestados, pertenecen a\u00a0<strong>PROPIEDADES YMAS\u00d3N<\/strong>, provista de NIF 47630842G y domicilio social en Carrer de Salvador Olivella, 6, 08870 Sitges, Barcelona (Espa\u00f1a). N\u00famero de contacto +34 696182285, y email de contacto\u00a0<a href=\"mailto:info@sitgesbestproperties.com\">info@ymasonproperties.com<\/a>.<\/p>\n\n\n\n<h2 class=\"wp-block-heading\" id=\"1-object\">1. OBJETO<\/h2>\n\n\n\n<p><strong><strong>PROPIEDADES YMAS\u00d3N<\/strong>&nbsp;<\/strong>(en adelante el prestador) como responsable del sitio web, pone a disposici\u00f3n de los usuarios el presente documento, por el que se regula el uso del sitio web https:\/\/ymasonproperties.com\/, con el que pretendemos dar cumplimiento a las obligaciones previstas en la Ley 34\/2002, de Servicios de la Sociedad de la Informaci\u00f3n y Comercio Electr\u00f3nico (LSSICE o LSSI), as\u00ed como informar a todos los usuarios del sitio web sobre las condiciones de uso del sitio web.<\/p>\n\n\n\n<p>A trav\u00e9s de la Red, <strong><strong>PROPIEDADES YMAS\u00d3N<\/strong><\/strong> facilita a los usuarios el acceso y la utilizaci\u00f3n de diversos servicios y contenidos puestos a disposici\u00f3n a trav\u00e9s de la web.<\/p>\n\n\n\n<p>Toda persona que acceda a este sitio web asume el papel de usuario (en adelante, el usuario), e implica la aceptaci\u00f3n plena y sin reservas de todas y cada una de las disposiciones incluidas en este aviso legal, as\u00ed como cualesquiera otras disposiciones legales que fueran de aplicaci\u00f3n.<\/p>\n\n\n\n<p>Los usuarios deben leer atentamente este Aviso Legal cada vez que accedan a la web, ya que este puede sufrir cambios reserv\u00e1ndose el Prestador el derecho a modificar cualquier tipo de informaci\u00f3n que pudiera aparecer en la web, sin que exista obligaci\u00f3n de preavisar o poner en conocimiento de los usuarios dichas obligaciones, siendo suficiente la publicaci\u00f3n en el sitio web del prestador.<\/p>\n\n\n\n<h2 class=\"wp-block-heading\" id=\"2-access-conditions-and-web-use\">2. CONDICIONES DE ACCESO Y USO DE LA WEB<\/h2>\n\n\n\n<p><strong>2.1. Libre acceso y uso de la web<\/strong><\/p>\n\n\n\n<p>La prestaci\u00f3n de servicios por <strong><strong>PROPIEDADES YMAS\u00d3N<\/strong><\/strong> es gratuito para todos los Usuarios.<\/p>\n\n\n\n<p><strong>2.2. registro de usuario<\/strong><\/p>\n\n\n\n<p>Con car\u00e1cter general, la prestaci\u00f3n de los Servicios no exige la previa suscripci\u00f3n o registro de los Usuarios.<\/p>\n\n\n\n<p><strong>2.3. Veracidad de la informaci\u00f3n<\/strong><\/p>\n\n\n\n<p>Toda la informaci\u00f3n que facilite el Usuario deber\u00e1 ser veraz. A estos efectos, el Usuario garantiza la autenticidad de los datos comunicados en los formularios de suscripci\u00f3n del Servicio. Ser\u00e1 responsabilidad del Usuario mantener toda la informaci\u00f3n proporcionada a <strong><strong>PROPIEDADES YMAS\u00d3N<\/strong><\/strong> permanentemente actualizada para que responda, en cada momento, a su situaci\u00f3n real. En todo caso, el Usuario ser\u00e1 el \u00fanico responsable de las manifestaciones falsas o inexactas que realice y de los perjuicios que cause al prestador o a terceros.<\/p>\n\n\n\n<p><strong>2.4. menores<\/strong><\/p>\n\n\n\n<p>Para la utilizaci\u00f3n de los servicios, los menores de edad deber\u00e1n obtener siempre el consentimiento de sus padres, tutores o representantes legales, quienes son los \u00faltimos responsables de todos los actos realizados por los menores a su cargo. La responsabilidad en la determinaci\u00f3n de los contenidos concretos a los que acceden los menores corresponde a aqu\u00e9llos, por lo que si acceden a contenidos inadecuados a trav\u00e9s de Internet, deber\u00e1n establecer en sus equipos mecanismos, en particular programas inform\u00e1ticos, filtros y bloqueos, que limiten los contenidos disponibles y, si bien no son infalibles, son de especial utilidad para controlar y restringir los materiales a los que pueden acceder los menores.<\/p>\n\n\n\n<p><strong>2.5. Obligaci\u00f3n de hacer un uso correcto de la Web<\/strong><\/p>\n\n\n\n<p>El Usuario se obliga a utilizar el Sitio Web de conformidad con la Ley y el presente Aviso Legal, as\u00ed como con la moral y las buenas costumbres. A tal efecto, el Usuario se abstendr\u00e1 de utilizar la p\u00e1gina con fines il\u00edcitos o prohibidos, lesivos de los derechos e intereses de terceros, o que de cualquier forma puedan da\u00f1ar, inutilizar, sobrecargar, deteriorar o impedir la normal utilizaci\u00f3n de equipos inform\u00e1ticos o los documentos, archivos y toda clase de contenidos almacenados en cualquier equipo inform\u00e1tico del prestador.<\/p>\n\n\n\n<p>En particular, ya t\u00edtulo enunciativo pero no taxativo, el Usuario se compromete a no transmitir, difundir o poner a disposici\u00f3n de terceros informaciones, datos, contenidos, mensajes, gr\u00e1ficos, dibujos, archivos de sonido o imagen, fotograf\u00edas, grabaciones, software y, en general, cualquier clase de material que:<\/p>\n\n\n\n<p>a) sea contrario, menosprecie o atente contra los derechos fundamentales y las libertades p\u00fablicas reconocidas constitucionalmente, en los tratados internacionales y dem\u00e1s normas vigentes;<br>b) induzca, incite o promueva actuaciones delictivas, denigrantes, difamatorias, violentas o, en general, contrarias a la ley, la moral y el orden p\u00fablico;&nbsp;<br>c) induzca, incite o promueva actuaciones, actitudes o pensamientos discriminatorios por raz\u00f3n de sexo, raza, religi\u00f3n, creencias, edad o condici\u00f3n;<br>d) sea contrario a los derechos, al honor, a la intimidad personal o familiar oa la imagen de las personas;&nbsp;<br>e) de cualquier forma perjudique la credibilidad del prestador o de terceros; y constituya publicidad il\u00edcita, enga\u00f1osa o desleal.<\/p>\n\n\n\n<h2 class=\"wp-block-heading\" id=\"3-guarantees-and-responsibility-exclusion\">3. GARANT\u00cdAS Y EXCLUSI\u00d3N DE RESPONSABILIDAD<\/h2>\n\n\n\n<p>El prestador se exime de cualquier responsabilidad derivada de la informaci\u00f3n publicada en nuestro sitio web siempre que esta informaci\u00f3n haya sido manipulada o introducida por un tercero.<\/p>\n\n\n\n<p>Este sitio web ha sido probado y probado para funcionar correctamente. Te\u00f3ricamente, se puede garantizar el correcto funcionamiento los 365 d\u00edas del a\u00f1o, las 24 horas del d\u00eda. No obstante, el prestador no descarta la posibilidad de que existan determinados errores de programaci\u00f3n, o causas de fuerza mayor, cat\u00e1strofes naturales, huelgas o circunstancias similares que hagan imposible el acceso al sitio web.<\/p>\n\n\n\n<p>SIR no otorga ninguna garant\u00eda ni se hace responsable, en ning\u00fan caso, de los da\u00f1os y perjuicios de cualquier naturaleza que puedan deberse a la falta de disponibilidad, mantenimiento y efectivo funcionamiento del sitio web o de sus servicios y contenidos; de la existencia de virus, programas maliciosos o lesivos en los contenidos; del uso il\u00edcito, negligente, fraudulento o contrario al presente Aviso Legal y condiciones de uso; o La falta de licitud, calidad, fiabilidad, utilidad y disponibilidad de los servicios prestados por terceros y gestos a disposici\u00f3n de los usuarios en el sitio web.<\/p>\n\n\n\n<p>El prestador no se hace responsable en ning\u00fan caso de los da\u00f1os que pudieran derivarse del uso ilegal o indebido de este sitio web.<\/p>\n\n\n\n<h2 class=\"wp-block-heading\" id=\"4-cookies\">4. COOKIES<\/h2>\n\n\n\n<p>El sitio web del prestador puede utilizar cookies (peque\u00f1os archivos de informaci\u00f3n que el servidor env\u00eda al ordenador de quien accede a la p\u00e1gina) para llevar a cabo determinadas funciones que son consideradas imprescindibles para el correcto funcionamiento y visualizaci\u00f3n del sitio. Las cookies utilizadas tienen, en todo caso, car\u00e1cter temporal con la \u00fanica finalidad de hacer m\u00e1s eficaz la navegaci\u00f3n y desaparecen al terminar la sesi\u00f3n del usuario.<\/p>\n\n\n\n<p>En ning\u00fan caso se utilizar\u00e1n cookies para recoger informaci\u00f3n de car\u00e1cter personal.<\/p>\n\n\n\n<p>Para m\u00e1s informaci\u00f3n, consulte nuestra Pol\u00edtica de Cookies<\/p>\n\n\n\n<h2 class=\"wp-block-heading\" id=\"5-links\">5. ENLACES<\/h2>\n\n\n\n<p>Desde el sitio web puede ser redirigido a sitios web de contenido de terceros. Dado que desde la web no podemos controlar siempre los contenidos introducidos por los terceros, <strong><strong>PROPIEDADES YMAS\u00d3N<\/strong><\/strong> no asume ninguna responsabilidad respecto a estos contenidos. En todo caso, el prestador manifiesta que proceder\u00e1 a la retirada inmediata de aquellos contenidos que pudieran contravenir la legislaci\u00f3n nacional o internacional, la moral o el orden p\u00fablico, procediendo a la retirada inmediata de la re-direcci\u00f3n a estos sitios web, informando a las autoridades competentes sobre los contenidos de que se trate.<\/p>\n\n\n\n<p>El prestador no se hace responsable de la informaci\u00f3n y contenidos almacenados, a t\u00edtulo enunciativo pero no limitativo, en foros, chats, generadores de blogs, comentarios, redes sociales o cualquier otro medio que permita a terceros publicar contenidos con independencia de la p\u00e1gina web del prestador. No obstante, y en cumplimiento de lo dispuesto en los art\u00edculos 11 y 16 de la LSSICE, el prestador se pone a disposici\u00f3n de todos los usuarios, autoridades y fuerzas de seguridad, y colabora activamente en la retirada o, en su caso, el bloqueo de todos aquellos contenidos que puedan afectar o contravenir la legislaci\u00f3n nacional, o internacional, derechos de terceros o la moral y el orden p\u00fablico. En caso de que el usuario considere que puede existir alg\u00fan contenido que pudiera ser susceptible de esta clasificaci\u00f3n, se ruega lo notifique de forma inmediata al administrador del sitio web.<\/p>\n\n\n\n<h2 class=\"wp-block-heading\" id=\"6-personal-data-protection\">6. PROTECCI\u00d3N DE DATOS PERSONALES<\/h2>\n\n\n\n<p>El prestador est\u00e1 profundamente comprometido con el cumplimiento de la normativa de protecci\u00f3n de datos de car\u00e1cter personal y garantiza el cumplimiento \u00edntegro de las obligaciones dispuestas, as\u00ed como la implementaci\u00f3n de las medidas de seguridad dispuestas al Reglamento Europeo de Protecci\u00f3n de Datos y la normativa espa\u00f1ola de protecci\u00f3n de datos de car\u00e1cter personal. Para m\u00e1s informaci\u00f3n, consulta nuestra Pol\u00edtica de Privacidad<\/p>\n\n\n\n<h2 class=\"wp-block-heading\" id=\"7-intellectual-and-industrial-property\">7. PROPIEDAD INTELECTUAL E INDUSTRIAL<\/h2>\n\n\n\n<p>El sitio web, incluyendo a t\u00edtulo enunciativo pero no limitativo la programaci\u00f3n, edici\u00f3n, compilaci\u00f3n y dem\u00e1s elementos necesarios para su funcionamiento, los dise\u00f1os, logotipos, textos, fotograf\u00edas y\/o gr\u00e1ficos son propiedad del prestador o en su caso dispone de licencia o autorizaci\u00f3n expresa por parte de los autores. Todos los contenidos del sitio web se encuentran debidamente protegidos por la normativa de propiedad intelectual e industrial.<\/p>\n\n\n\n<p>Independientemente de la finalidad para la que fueran destinados, la reproducci\u00f3n, uso, distribuci\u00f3n y comunicaci\u00f3n p\u00fablicos, totales o parciales, requieren de la autorizaci\u00f3n escrita previa por parte del prestador. Cualquier uso no autorizado previamente por parte del prestador ser\u00e1 considerado un incumplimiento grave de los derechos de propiedad intelectual o industrial del autor.<\/p>\n\n\n\n<p>Los dise\u00f1os, logotipos, texto y\/o gr\u00e1ficos ajenos al prestador y que pudieran aparecer en el sitio web, pertenecen a sus respectivos propietarios, siendo ellos mismos responsables de cualquier posible controversia que pudiera acontecer respecto a los mismos. En todo caso, el prestador cuenta con la autorizaci\u00f3n expresa y previa por parte de los mismos.<\/p>\n\n\n\n<p>El prestador reconoce a favor de sus titulares los correspondientes derechos de propiedad industrial e intelectual, no implicando su menci\u00f3n o aparici\u00f3n en el sitio web la existencia de derechos o responsabilidad alguna del prestador sobre los mismos, como tampoco respaldo, patrocinio o recomendaci\u00f3n por parte del mismo.<\/p>\n\n\n\n<p>Para realizar cualquier tipo de observaci\u00f3n respecto a posibles incumplimientos de los derechos de propiedad intelectual o industrial, as\u00ed como sobre cualquiera de los contenidos del sitio web, puede hacerlo a trav\u00e9s del correo electr\u00f3nico arriba indicado.<\/p>\n\n\n\n<h2 class=\"wp-block-heading\" id=\"8-applicable-law-and-jurisdiction\">8. LEY APLICABLE Y JURISDICCI\u00d3N<\/h2>\n\n\n\n<p>Para la resoluci\u00f3n de las controversias o cuestiones relacionadas con el presente sitio web o de las actividades en \u00e9l desarrolladas, ser\u00e1 de aplicaci\u00f3n la legislaci\u00f3n espa\u00f1ola.<\/p>","protected":false},"excerpt":{"rendered":"<p>This website and all its contents, including the services provided, belong to\u00a0YMASON PROPERTIES, provided with NIF 47630842G and registered office at Carrer de Salvador Olivella, 6, 08870 Sitges, Barcelona (Spain). Contact number +34 696182285, and contact email\u00a0info@ymasonproperties.com. 1. OBJECT YMASON PROPERTIES&nbsp;(hereinafter the provider) being responsible for the website, makes available to users this document, which&#8230;<\/p>","protected":false},"author":3,"featured_media":0,"parent":0,"menu_order":0,"comment_status":"closed","ping_status":"open","template":"","meta":{"footnotes":""},"class_list":["post-13354","page","type-page","status-publish","hentry"],"yoast_head":"<!-- This site is optimized with the Yoast SEO plugin v27.4 - https:\/\/yoast.com\/product\/yoast-seo-wordpress\/ -->\n<title>Legal Notice - YMASON<\/title>\n<meta name=\"robots\" content=\"index, follow, max-snippet:-1, max-image-preview:large, max-video-preview:-1\" \/>\n<link rel=\"canonical\" href=\"https:\/\/ymasonproperties.com\/es\/legal-notice\/\" \/>\n<meta property=\"og:locale\" content=\"es_ES\" \/>\n<meta property=\"og:type\" content=\"article\" \/>\n<meta property=\"og:title\" content=\"Legal Notice - YMASON\" \/>\n<meta property=\"og:description\" content=\"This website and all its contents, including the services provided, belong to\u00a0YMASON PROPERTIES, provided with NIF 47630842G and registered office at Carrer de Salvador Olivella, 6, 08870 Sitges, Barcelona (Spain). Contact number +34 696182285, and contact email\u00a0info@ymasonproperties.com. 1. OBJECT YMASON PROPERTIES&nbsp;(hereinafter the provider) being responsible for the website, makes available to users this document, which...\" \/>\n<meta property=\"og:url\" content=\"https:\/\/ymasonproperties.com\/es\/legal-notice\/\" \/>\n<meta property=\"og:site_name\" content=\"YMASON\" \/>\n<meta property=\"article:modified_time\" content=\"2023-08-27T17:27:09+00:00\" \/>\n<meta name=\"twitter:card\" content=\"summary_large_image\" \/>\n<meta name=\"twitter:label1\" content=\"Tiempo de lectura\" \/>\n\t<meta name=\"twitter:data1\" content=\"8 minutos\" \/>\n<script type=\"application\/ld+json\" class=\"yoast-schema-graph\">{\"@context\":\"https:\\\/\\\/schema.org\",\"@graph\":[{\"@type\":\"WebPage\",\"@id\":\"https:\\\/\\\/ymasonproperties.com\\\/legal-notice\\\/\",\"url\":\"https:\\\/\\\/ymasonproperties.com\\\/legal-notice\\\/\",\"name\":\"Legal Notice - YMASON\",\"isPartOf\":{\"@id\":\"https:\\\/\\\/ymasonproperties.com\\\/#website\"},\"datePublished\":\"2022-01-05T09:32:57+00:00\",\"dateModified\":\"2023-08-27T17:27:09+00:00\",\"breadcrumb\":{\"@id\":\"https:\\\/\\\/ymasonproperties.com\\\/legal-notice\\\/#breadcrumb\"},\"inLanguage\":\"es\",\"potentialAction\":[{\"@type\":\"ReadAction\",\"target\":[\"https:\\\/\\\/ymasonproperties.com\\\/legal-notice\\\/\"]}]},{\"@type\":\"BreadcrumbList\",\"@id\":\"https:\\\/\\\/ymasonproperties.com\\\/legal-notice\\\/#breadcrumb\",\"itemListElement\":[{\"@type\":\"ListItem\",\"position\":1,\"name\":\"Home\",\"item\":\"https:\\\/\\\/ymasonproperties.com\\\/\"},{\"@type\":\"ListItem\",\"position\":2,\"name\":\"Legal Notice\"}]},{\"@type\":\"WebSite\",\"@id\":\"https:\\\/\\\/ymasonproperties.com\\\/#website\",\"url\":\"https:\\\/\\\/ymasonproperties.com\\\/\",\"name\":\"YMASON Properties\",\"description\":\"Properties\",\"publisher\":{\"@id\":\"https:\\\/\\\/ymasonproperties.com\\\/#organization\"},\"potentialAction\":[{\"@type\":\"SearchAction\",\"target\":{\"@type\":\"EntryPoint\",\"urlTemplate\":\"https:\\\/\\\/ymasonproperties.com\\\/?s={search_term_string}\"},\"query-input\":{\"@type\":\"PropertyValueSpecification\",\"valueRequired\":true,\"valueName\":\"search_term_string\"}}],\"inLanguage\":\"es\"},{\"@type\":\"Organization\",\"@id\":\"https:\\\/\\\/ymasonproperties.com\\\/#organization\",\"name\":\"YMASON Properties\",\"url\":\"https:\\\/\\\/ymasonproperties.com\\\/\",\"logo\":{\"@type\":\"ImageObject\",\"inLanguage\":\"es\",\"@id\":\"https:\\\/\\\/ymasonproperties.com\\\/#\\\/schema\\\/logo\\\/image\\\/\",\"url\":\"https:\\\/\\\/ymasonproperties.com\\\/wp-content\\\/uploads\\\/2021\\\/12\\\/y-mason-web.png\",\"contentUrl\":\"https:\\\/\\\/ymasonproperties.com\\\/wp-content\\\/uploads\\\/2021\\\/12\\\/y-mason-web.png\",\"width\":538,\"height\":124,\"caption\":\"YMASON Properties\"},\"image\":{\"@id\":\"https:\\\/\\\/ymasonproperties.com\\\/#\\\/schema\\\/logo\\\/image\\\/\"}}]}<\/script>\n<!-- \/ Yoast SEO plugin. -->","yoast_head_json":{"title":"Legal Notice - YMASON","robots":{"index":"index","follow":"follow","max-snippet":"max-snippet:-1","max-image-preview":"max-image-preview:large","max-video-preview":"max-video-preview:-1"},"canonical":"https:\/\/ymasonproperties.com\/es\/legal-notice\/","og_locale":"es_ES","og_type":"article","og_title":"Legal Notice - YMASON","og_description":"This website and all its contents, including the services provided, belong to\u00a0YMASON PROPERTIES, provided with NIF 47630842G and registered office at Carrer de Salvador Olivella, 6, 08870 Sitges, Barcelona (Spain). Contact number +34 696182285, and contact email\u00a0info@ymasonproperties.com. 1. OBJECT YMASON PROPERTIES&nbsp;(hereinafter the provider) being responsible for the website, makes available to users this document, which...","og_url":"https:\/\/ymasonproperties.com\/es\/legal-notice\/","og_site_name":"YMASON","article_modified_time":"2023-08-27T17:27:09+00:00","twitter_card":"summary_large_image","twitter_misc":{"Tiempo de lectura":"8 minutos"},"schema":{"@context":"https:\/\/schema.org","@graph":[{"@type":"WebPage","@id":"https:\/\/ymasonproperties.com\/legal-notice\/","url":"https:\/\/ymasonproperties.com\/legal-notice\/","name":"Legal Notice - YMASON","isPartOf":{"@id":"https:\/\/ymasonproperties.com\/#website"},"datePublished":"2022-01-05T09:32:57+00:00","dateModified":"2023-08-27T17:27:09+00:00","breadcrumb":{"@id":"https:\/\/ymasonproperties.com\/legal-notice\/#breadcrumb"},"inLanguage":"es","potentialAction":[{"@type":"ReadAction","target":["https:\/\/ymasonproperties.com\/legal-notice\/"]}]},{"@type":"BreadcrumbList","@id":"https:\/\/ymasonproperties.com\/legal-notice\/#breadcrumb","itemListElement":[{"@type":"ListItem","position":1,"name":"Home","item":"https:\/\/ymasonproperties.com\/"},{"@type":"ListItem","position":2,"name":"Legal Notice"}]},{"@type":"WebSite","@id":"https:\/\/ymasonproperties.com\/#website","url":"https:\/\/ymasonproperties.com\/","name":"Propiedades YMASON","description":"Propiedades","publisher":{"@id":"https:\/\/ymasonproperties.com\/#organization"},"potentialAction":[{"@type":"SearchAction","target":{"@type":"EntryPoint","urlTemplate":"https:\/\/ymasonproperties.com\/?s={search_term_string}"},"query-input":{"@type":"PropertyValueSpecification","valueRequired":true,"valueName":"search_term_string"}}],"inLanguage":"es"},{"@type":"Organization","@id":"https:\/\/ymasonproperties.com\/#organization","name":"Propiedades YMASON","url":"https:\/\/ymasonproperties.com\/","logo":{"@type":"ImageObject","inLanguage":"es","@id":"https:\/\/ymasonproperties.com\/#\/schema\/logo\/image\/","url":"https:\/\/ymasonproperties.com\/wp-content\/uploads\/2021\/12\/y-mason-web.png","contentUrl":"https:\/\/ymasonproperties.com\/wp-content\/uploads\/2021\/12\/y-mason-web.png","width":538,"height":124,"caption":"YMASON Properties"},"image":{"@id":"https:\/\/ymasonproperties.com\/#\/schema\/logo\/image\/"}}]}},"_links":{"self":[{"href":"https:\/\/ymasonproperties.com\/es\/wp-json\/wp\/v2\/pages\/13354","targetHints":{"allow":["GET"]}}],"collection":[{"href":"https:\/\/ymasonproperties.com\/es\/wp-json\/wp\/v2\/pages"}],"about":[{"href":"https:\/\/ymasonproperties.com\/es\/wp-json\/wp\/v2\/types\/page"}],"author":[{"embeddable":true,"href":"https:\/\/ymasonproperties.com\/es\/wp-json\/wp\/v2\/users\/3"}],"replies":[{"embeddable":true,"href":"https:\/\/ymasonproperties.com\/es\/wp-json\/wp\/v2\/comments?post=13354"}],"version-history":[{"count":4,"href":"https:\/\/ymasonproperties.com\/es\/wp-json\/wp\/v2\/pages\/13354\/revisions"}],"predecessor-version":[{"id":26362,"href":"https:\/\/ymasonproperties.com\/es\/wp-json\/wp\/v2\/pages\/13354\/revisions\/26362"}],"wp:attachment":[{"href":"https:\/\/ymasonproperties.com\/es\/wp-json\/wp\/v2\/media?parent=13354"}],"curies":[{"name":"wp","href":"https:\/\/api.w.org\/{rel}","templated":true}]}}