{"id":13356,"date":"2022-01-05T09:34:26","date_gmt":"2022-01-05T09:34:26","guid":{"rendered":"https:\/\/ymasonproperties.com\/?page_id=13356"},"modified":"2022-02-01T10:22:46","modified_gmt":"2022-02-01T10:22:46","slug":"cookies-policy","status":"publish","type":"page","link":"https:\/\/ymasonproperties.com\/es\/cookies-policy\/","title":{"rendered":"Pol\u00edtica de cookies"},"content":{"rendered":"<p>De conformidad con la normativa espa\u00f1ola que regula el uso de cookies en relaci\u00f3n con la prestaci\u00f3n de servicios de comunicaciones electr\u00f3nicas, recogida en el Real Decreto Ley 13\/2012, de 30 de marzo, le informamos sobre las cookies utilizadas en el\u00a0<strong>PROPIEDADES YMAS\u00d3N\u00a0<\/strong>sitio web (tambi\u00e9n del prestador) y el motivo de su uso. Asimismo, le informamos que al navegar por el Sitio Web est\u00e1 dando su consentimiento para el uso de las mismas.<\/p>\n\n\n\n<h2 class=\"wp-block-heading\" id=\"what-are-cookies\">\u00bfQU\u00c9 SON LAS COOKIES?<\/h2>\n\n\n\n<p>Una cookie es un fichero que se descarga en su ordenador al acceder a determinadas p\u00e1ginas web. Las cookies permiten que una p\u00e1gina web, entre otras cosas, almacene y recupere informaci\u00f3n sobre los h\u00e1bitos de navegaci\u00f3n de un usuario o de su equipo y, seg\u00fan la informaci\u00f3n que contengan y la forma en que utilice su equipo, pueden utilizarse para reconocer al usuario. Las cookies se asocian \u00fanicamente a un usuario an\u00f3nimo y su ordenador o dispositivo y no proporcionan referencias que permitan conocer sus datos personales.<\/p>\n\n\n\n<h2 class=\"wp-block-heading\" id=\"cookies-affected-by-the-regulations-and-that-are-exempt\">COOKIES AFECTADAS POR LA NORMATIVA Y QUE EST\u00c1N EXENTAS<\/h2>\n\n\n\n<p>Seg\u00fan la directiva de la UE, las cookies que requieren el consentimiento informado por parte del usuario son las de anal\u00edtica, las de publicidad y las de afiliaci\u00f3n, quedando exceptuadas las de car\u00e1cter t\u00e9cnico y las necesarias para el funcionamiento del sitio web o la prestaci\u00f3n de servicios expresamente demandados por el usuario.<\/p>\n\n\n\n<h2 class=\"wp-block-heading\" id=\"types-of-cookies\">TIPOS DE COOKIES<\/h2>\n\n\n\n<p>a) Seg\u00fan la entidad que las gestione, existen Cookies propias (aquellas que se env\u00edan al terminal o equipo del usuario desde un equipo o dominio gestionado por el editor y desde el que se presta el servicio solicitado por el usuario) y de terceros (aquellas que se env\u00edan al terminal o equipo del usuario desde un equipo o dominio que no es gestionado por el editor, sino por otra entidad que trata los datos obtenidos a trav\u00e9s de las cookies).<\/p>\n\n\n\n<p>b) Seg\u00fan el tiempo que permanecen activas, las hay de sesi\u00f3n (dise\u00f1adas para recabar y almacenar datos mientras el usuario accede a una p\u00e1gina web) y persistentes (en las que los datos quedan almacenados en el terminal y pueden ser accedidos y tratados durante un tiempo). de tiempo, definido por el responsable de la cookie -puede ir desde unos minutos hasta varios a\u00f1os-).<\/p>\n\n\n\n<p>c) Seg\u00fan la finalidad para la que traten la informaci\u00f3n que recaben, pueden ser:<\/p>\n\n\n\n<p>\u2013&nbsp;<strong>Cookies t\u00e9cnicas&nbsp;<\/strong>(necesario para el uso del sitio web y la prestaci\u00f3n del servicio contratado),<\/p>\n\n\n\n<p>\u2013&nbsp;<strong>Cookies de personalizaci\u00f3n<\/strong>&nbsp;(que permiten al usuario acceder al servicio con caracter\u00edsticas predefinidas, tales como idioma, tipo de navegador, configuraci\u00f3n regional, etc.)<\/p>\n\n\n\n<p>\u2013&nbsp;<strong>Cookies de an\u00e1lisis<\/strong>&nbsp;(que recaban informaci\u00f3n sobre el uso que se hace del sitio web),<\/p>\n\n\n\n<p>\u2013&nbsp;<strong>Cookies publicitarias<\/strong>&nbsp;(que recopilan informaci\u00f3n sobre las preferencias y elecciones personales de los usuarios),<\/p>\n\n\n\n<p>\u2013&nbsp;<strong>Cookies de afiliados<\/strong>&nbsp;(que permiten realizar un seguimiento de las visitas desde otros sitios web, con los que el sitio web tiene establecido un contrato de afiliaci\u00f3n).<\/p>\n\n\n\n<h2 class=\"wp-block-heading\" id=\"type-of-cookies-used-on-this-website\">TIPO DE COOKIES UTILIZADAS EN ESTE SITIO WEB<\/h2>\n\n\n\n<p>Las cookies utilizadas en nuestro sitio web son de sesi\u00f3n y de terceros, y nos permiten almacenar y acceder a informaci\u00f3n relativa al idioma, el tipo de navegador utilizado y otras caracter\u00edsticas generales predefinidas por el usuario, as\u00ed como realizar el seguimiento y an\u00e1lisis de la actividad realizada para mejorar y prestar nuestros servicios de una forma m\u00e1s eficiente y personalizada. Las cookies utilizadas tienen, en todo caso, car\u00e1cter temporal con la \u00fanica finalidad de hacer m\u00e1s eficaz la navegaci\u00f3n. En ning\u00fan caso estas cookies proporcionan por s\u00ed mismas datos de car\u00e1cter personal y no se utilizan para la recogida de los mismos.<\/p>\n\n\n\n<p>El uso de cookies ofrece ventajas, tales como: &nbsp;<\/p>\n\n\n\n<p>\u2013 facilita la navegaci\u00f3n del usuario y el acceso a los diferentes servicios que ofrece este sitio web;<br>\u2013 evita al usuario tener que configurar las caracter\u00edsticas generales predefinidas cada vez que accede al sitio web; y<br>\u2013 promover la mejora del funcionamiento y de los servicios prestados a trav\u00e9s de este sitio web tras el correspondiente an\u00e1lisis de la informaci\u00f3n obtenida a trav\u00e9s de las cookies instaladas.<\/p>\n\n\n\n<p>Al acceder a nuestro sitio web se le informa que si contin\u00faa navegando se le instalar\u00e1n varias cookies de terceros, consintiendo as\u00ed la instalaci\u00f3n de determinadas cookies que tendr\u00e1n como \u00fanica finalidad la de registrar el acceso a nuestro sitio web para la realizaci\u00f3n de estad\u00edsticas an\u00f3nimas sobre las visitas. , recogiendo siempre la informaci\u00f3n de forma an\u00f3nima. No es necesario aceptar la instalaci\u00f3n de estas cookies; usted puede navegar a trav\u00e9s de nuestro sitio web de todos modos.<\/p>\n\n\n\n<h2 class=\"wp-block-heading\" id=\"revocation\">REVOCACI\u00d3N<\/h2>\n\n\n\n<p>En todo momento podr\u00e1 acceder a la configuraci\u00f3n de su navegador aceptando o rechazando todas las cookies, o bien seleccionar aquellas cuya instalaci\u00f3n admite y cu\u00e1les no, dependiendo del navegador utilizado.<\/p>\n\n\n\n<h2 class=\"wp-block-heading\" id=\"deactivation-activation-and-elimination-of-cookies\">DESACTIVACI\u00d3N \/ ACTIVACI\u00d3N Y ELIMINACI\u00d3N DE COOKIES<\/h2>\n\n\n\n<p>Para restringir o bloquear las cookies, se hace a trav\u00e9s de la configuraci\u00f3n del navegador.<\/p>\n\n\n\n<p>Si no desea que los sitios web coloquen cookies en su computadora, puede adaptar la configuraci\u00f3n de su navegador para que se le notifique antes de que se coloquen cookies. Asimismo, puede adaptar la configuraci\u00f3n para que el navegador rechace todas las cookies, o solo las de terceros. Tambi\u00e9n puede eliminar cualquiera de las cookies que ya est\u00e1n en la computadora. Tenga en cuenta que deber\u00e1 ajustar la configuraci\u00f3n por separado en cada navegador y dispositivo que utilice.<\/p>\n\n\n\n<p>Tenga en cuenta que si no desea recibir cookies, ya no podemos garantizar que nuestro sitio web funcione correctamente. Algunas caracter\u00edsticas del sitio pueden perderse y es posible que ya no pueda ver ciertos sitios web. Adem\u00e1s, rechazar las cookies no significa que no vaya a ver publicidad. Los anuncios simplemente no se adaptar\u00e1n a sus intereses y se repetir\u00e1n con m\u00e1s frecuencia.<\/p>\n\n\n\n<p>Cada navegador tiene un m\u00e9todo diferente para adaptar la configuraci\u00f3n. Si es necesario, consulte la funci\u00f3n de ayuda del navegador para establecer la configuraci\u00f3n correcta.<\/p>\n\n\n\n<p>Para deshabilitar las cookies en su tel\u00e9fono m\u00f3vil, consulte el manual del dispositivo para obtener m\u00e1s informaci\u00f3n.<\/p>\n\n\n\n<p>Puede obtener m\u00e1s informaci\u00f3n sobre las cookies en Internet en&nbsp;<a href=\"http:\/\/www.aboutcookies.org\/\">http:\/\/www.aboutcookies.org<\/a><\/p>\n\n\n\n<p>Teniendo en cuenta la forma en que funciona Internet y los sitios web, no siempre disponemos de informaci\u00f3n sobre las cookies que colocan terceros a trav\u00e9s de nuestro sitio web. Esto se aplica especialmente a los casos en los que nuestro sitio web contiene lo que se denominan elementos integrados: textos, documentos, im\u00e1genes o cortometrajes que se almacenan en otro lugar, pero que se muestran en nuestro sitio web o a trav\u00e9s de \u00e9l.<\/p>\n\n\n\n<p>Por lo tanto, si encuentra este tipo de cookies en este sitio web y no se encuentran en la lista anterior, inf\u00f3rmenos. O comun\u00edquese directamente con el tercero para solicitar informaci\u00f3n sobre las cookies que coloca, el prop\u00f3sito y la duraci\u00f3n de la cookie, y c\u00f3mo se ha garantizado su privacidad.<\/p>","protected":false},"excerpt":{"rendered":"<p>In accordance with Spanish regulations governing the use of cookies in relation to the provision of electronic communications services, set out in Royal Decree Law 13\/2012 of March 30, we inform you about the cookies used on the\u00a0YMASON PROPERTIES\u00a0website (also the provider) and the reason for their use. Likewise, we inform you that by browsing&#8230;<\/p>","protected":false},"author":3,"featured_media":0,"parent":0,"menu_order":0,"comment_status":"closed","ping_status":"open","template":"","meta":{"footnotes":""},"class_list":["post-13356","page","type-page","status-publish","hentry"],"yoast_head":"<!-- This site is optimized with the Yoast SEO plugin v27.4 - https:\/\/yoast.com\/product\/yoast-seo-wordpress\/ -->\n<title>Cookies Policy - YMASON<\/title>\n<meta name=\"robots\" content=\"index, follow, max-snippet:-1, max-image-preview:large, max-video-preview:-1\" \/>\n<link rel=\"canonical\" href=\"https:\/\/ymasonproperties.com\/es\/cookies-policy\/\" \/>\n<meta property=\"og:locale\" content=\"es_ES\" \/>\n<meta property=\"og:type\" content=\"article\" \/>\n<meta property=\"og:title\" content=\"Cookies Policy - YMASON\" \/>\n<meta property=\"og:description\" content=\"In accordance with Spanish regulations governing the use of cookies in relation to the provision of electronic communications services, set out in Royal Decree Law 13\/2012 of March 30, we inform you about the cookies used on the\u00a0YMASON PROPERTIES\u00a0website (also the provider) and the reason for their use. Likewise, we inform you that by browsing...\" \/>\n<meta property=\"og:url\" content=\"https:\/\/ymasonproperties.com\/es\/cookies-policy\/\" \/>\n<meta property=\"og:site_name\" content=\"YMASON\" \/>\n<meta property=\"article:modified_time\" content=\"2022-02-01T10:22:46+00:00\" \/>\n<meta name=\"twitter:card\" content=\"summary_large_image\" \/>\n<meta name=\"twitter:label1\" content=\"Tiempo de lectura\" \/>\n\t<meta name=\"twitter:data1\" content=\"5 minutos\" \/>\n<script type=\"application\/ld+json\" class=\"yoast-schema-graph\">{\"@context\":\"https:\\\/\\\/schema.org\",\"@graph\":[{\"@type\":\"WebPage\",\"@id\":\"https:\\\/\\\/ymasonproperties.com\\\/cookies-policy\\\/\",\"url\":\"https:\\\/\\\/ymasonproperties.com\\\/cookies-policy\\\/\",\"name\":\"Cookies Policy - YMASON\",\"isPartOf\":{\"@id\":\"https:\\\/\\\/ymasonproperties.com\\\/#website\"},\"datePublished\":\"2022-01-05T09:34:26+00:00\",\"dateModified\":\"2022-02-01T10:22:46+00:00\",\"breadcrumb\":{\"@id\":\"https:\\\/\\\/ymasonproperties.com\\\/cookies-policy\\\/#breadcrumb\"},\"inLanguage\":\"es\",\"potentialAction\":[{\"@type\":\"ReadAction\",\"target\":[\"https:\\\/\\\/ymasonproperties.com\\\/cookies-policy\\\/\"]}]},{\"@type\":\"BreadcrumbList\",\"@id\":\"https:\\\/\\\/ymasonproperties.com\\\/cookies-policy\\\/#breadcrumb\",\"itemListElement\":[{\"@type\":\"ListItem\",\"position\":1,\"name\":\"Home\",\"item\":\"https:\\\/\\\/ymasonproperties.com\\\/\"},{\"@type\":\"ListItem\",\"position\":2,\"name\":\"Cookies Policy\"}]},{\"@type\":\"WebSite\",\"@id\":\"https:\\\/\\\/ymasonproperties.com\\\/#website\",\"url\":\"https:\\\/\\\/ymasonproperties.com\\\/\",\"name\":\"YMASON Properties\",\"description\":\"Properties\",\"publisher\":{\"@id\":\"https:\\\/\\\/ymasonproperties.com\\\/#organization\"},\"potentialAction\":[{\"@type\":\"SearchAction\",\"target\":{\"@type\":\"EntryPoint\",\"urlTemplate\":\"https:\\\/\\\/ymasonproperties.com\\\/?s={search_term_string}\"},\"query-input\":{\"@type\":\"PropertyValueSpecification\",\"valueRequired\":true,\"valueName\":\"search_term_string\"}}],\"inLanguage\":\"es\"},{\"@type\":\"Organization\",\"@id\":\"https:\\\/\\\/ymasonproperties.com\\\/#organization\",\"name\":\"YMASON Properties\",\"url\":\"https:\\\/\\\/ymasonproperties.com\\\/\",\"logo\":{\"@type\":\"ImageObject\",\"inLanguage\":\"es\",\"@id\":\"https:\\\/\\\/ymasonproperties.com\\\/#\\\/schema\\\/logo\\\/image\\\/\",\"url\":\"https:\\\/\\\/ymasonproperties.com\\\/wp-content\\\/uploads\\\/2021\\\/12\\\/y-mason-web.png\",\"contentUrl\":\"https:\\\/\\\/ymasonproperties.com\\\/wp-content\\\/uploads\\\/2021\\\/12\\\/y-mason-web.png\",\"width\":538,\"height\":124,\"caption\":\"YMASON Properties\"},\"image\":{\"@id\":\"https:\\\/\\\/ymasonproperties.com\\\/#\\\/schema\\\/logo\\\/image\\\/\"}}]}<\/script>\n<!-- \/ Yoast SEO plugin. -->","yoast_head_json":{"title":"Cookies Policy - YMASON","robots":{"index":"index","follow":"follow","max-snippet":"max-snippet:-1","max-image-preview":"max-image-preview:large","max-video-preview":"max-video-preview:-1"},"canonical":"https:\/\/ymasonproperties.com\/es\/cookies-policy\/","og_locale":"es_ES","og_type":"article","og_title":"Cookies Policy - YMASON","og_description":"In accordance with Spanish regulations governing the use of cookies in relation to the provision of electronic communications services, set out in Royal Decree Law 13\/2012 of March 30, we inform you about the cookies used on the\u00a0YMASON PROPERTIES\u00a0website (also the provider) and the reason for their use. Likewise, we inform you that by browsing...","og_url":"https:\/\/ymasonproperties.com\/es\/cookies-policy\/","og_site_name":"YMASON","article_modified_time":"2022-02-01T10:22:46+00:00","twitter_card":"summary_large_image","twitter_misc":{"Tiempo de lectura":"5 minutos"},"schema":{"@context":"https:\/\/schema.org","@graph":[{"@type":"WebPage","@id":"https:\/\/ymasonproperties.com\/cookies-policy\/","url":"https:\/\/ymasonproperties.com\/cookies-policy\/","name":"Cookies Policy - YMASON","isPartOf":{"@id":"https:\/\/ymasonproperties.com\/#website"},"datePublished":"2022-01-05T09:34:26+00:00","dateModified":"2022-02-01T10:22:46+00:00","breadcrumb":{"@id":"https:\/\/ymasonproperties.com\/cookies-policy\/#breadcrumb"},"inLanguage":"es","potentialAction":[{"@type":"ReadAction","target":["https:\/\/ymasonproperties.com\/cookies-policy\/"]}]},{"@type":"BreadcrumbList","@id":"https:\/\/ymasonproperties.com\/cookies-policy\/#breadcrumb","itemListElement":[{"@type":"ListItem","position":1,"name":"Home","item":"https:\/\/ymasonproperties.com\/"},{"@type":"ListItem","position":2,"name":"Cookies Policy"}]},{"@type":"WebSite","@id":"https:\/\/ymasonproperties.com\/#website","url":"https:\/\/ymasonproperties.com\/","name":"Propiedades YMASON","description":"Propiedades","publisher":{"@id":"https:\/\/ymasonproperties.com\/#organization"},"potentialAction":[{"@type":"SearchAction","target":{"@type":"EntryPoint","urlTemplate":"https:\/\/ymasonproperties.com\/?s={search_term_string}"},"query-input":{"@type":"PropertyValueSpecification","valueRequired":true,"valueName":"search_term_string"}}],"inLanguage":"es"},{"@type":"Organization","@id":"https:\/\/ymasonproperties.com\/#organization","name":"Propiedades YMASON","url":"https:\/\/ymasonproperties.com\/","logo":{"@type":"ImageObject","inLanguage":"es","@id":"https:\/\/ymasonproperties.com\/#\/schema\/logo\/image\/","url":"https:\/\/ymasonproperties.com\/wp-content\/uploads\/2021\/12\/y-mason-web.png","contentUrl":"https:\/\/ymasonproperties.com\/wp-content\/uploads\/2021\/12\/y-mason-web.png","width":538,"height":124,"caption":"YMASON Properties"},"image":{"@id":"https:\/\/ymasonproperties.com\/#\/schema\/logo\/image\/"}}]}},"_links":{"self":[{"href":"https:\/\/ymasonproperties.com\/es\/wp-json\/wp\/v2\/pages\/13356","targetHints":{"allow":["GET"]}}],"collection":[{"href":"https:\/\/ymasonproperties.com\/es\/wp-json\/wp\/v2\/pages"}],"about":[{"href":"https:\/\/ymasonproperties.com\/es\/wp-json\/wp\/v2\/types\/page"}],"author":[{"embeddable":true,"href":"https:\/\/ymasonproperties.com\/es\/wp-json\/wp\/v2\/users\/3"}],"replies":[{"embeddable":true,"href":"https:\/\/ymasonproperties.com\/es\/wp-json\/wp\/v2\/comments?post=13356"}],"version-history":[{"count":3,"href":"https:\/\/ymasonproperties.com\/es\/wp-json\/wp\/v2\/pages\/13356\/revisions"}],"predecessor-version":[{"id":21069,"href":"https:\/\/ymasonproperties.com\/es\/wp-json\/wp\/v2\/pages\/13356\/revisions\/21069"}],"wp:attachment":[{"href":"https:\/\/ymasonproperties.com\/es\/wp-json\/wp\/v2\/media?parent=13356"}],"curies":[{"name":"wp","href":"https:\/\/api.w.org\/{rel}","templated":true}]}}