{"id":15417,"date":"2022-01-11T12:01:15","date_gmt":"2022-01-11T12:01:15","guid":{"rendered":"https:\/\/ymasonproperties.com\/?page_id=15417"},"modified":"2023-10-27T07:33:52","modified_gmt":"2023-10-27T07:33:52","slug":"contact","status":"publish","type":"page","link":"https:\/\/ymasonproperties.com\/es\/contact\/","title":{"rendered":"Contacto"},"content":{"rendered":"<div data-elementor-type=\"wp-page\" data-elementor-id=\"15417\" class=\"elementor elementor-15417\">\n\t\t\t\t\t\t<section class=\"elementor-section elementor-top-section elementor-element elementor-element-40f0d7d elementor-section-full_width elementor-section-stretched animated-slow elementor-section-height-default elementor-section-height-default elementor-invisible\" data-id=\"40f0d7d\" data-element_type=\"section\" data-e-type=\"section\" data-settings=\"{&quot;stretch_section&quot;:&quot;section-stretched&quot;,&quot;background_background&quot;:&quot;classic&quot;,&quot;animation&quot;:&quot;fadeIn&quot;}\">\n\t\t\t\t\t\t\t<div class=\"elementor-background-overlay\"><\/div>\n\t\t\t\t\t\t\t<div class=\"elementor-container elementor-column-gap-no\">\n\t\t\t\t\t<div class=\"elementor-column elementor-col-100 elementor-top-column elementor-element elementor-element-8764875\" data-id=\"8764875\" data-element_type=\"column\" data-e-type=\"column\">\n\t\t\t<div class=\"elementor-widget-wrap elementor-element-populated\">\n\t\t\t\t\t\t<div class=\"elementor-element elementor-element-15a3eda elementor-widget elementor-widget-rhea-inquiry-form\" data-id=\"15a3eda\" data-element_type=\"widget\" data-e-type=\"widget\" data-widget_type=\"rhea-inquiry-form.default\">\n\t\t\t\t<div class=\"elementor-widget-container\">\n\t\t\t\t\t            <div class=\"rhea-inquiry-form-wrapper\">\n                <form class=\"rhea-inquiry-form\" id=\"inquiry_15a3eda\" action=\"https:\/\/ymasonproperties.com\/wp-admin\/admin-ajax.php\" method=\"post\">\n                    <div class=\"rhea-inquiry-form-inner\">\n\t\t\t\t\t\t                            <div class=\"rhea-inquiry-field rhea-field-type-name elementor-repeater-item-8a882a3\">\n\t\t\t\t\t\t\t\t                <input class=\"rhea-inquiry-form-field  required\" name=\"name\" id=\"8a882a3\" type=\"text\" placeholder=\"Su nombre\" title=\"\">\n\t\t\t\t                            <\/div>\n\t\t\t\t\t\t\t                            <div class=\"rhea-inquiry-field rhea-field-type-email elementor-repeater-item-ebb592e\">\n\t\t\t\t\t\t\t\t                <input class=\"rhea-inquiry-form-field  required\" name=\"email\" id=\"ebb592e\" type=\"email\" placeholder=\"Tu correo electr\u00f3nico\" title=\"Proporcione una direcci\u00f3n de correo electr\u00f3nico v\u00e1lida\">\n\t\t\t\t                            <\/div>\n\t\t\t\t\t\t\t                            <div class=\"rhea-inquiry-field rhea-field-type-number elementor-repeater-item-701ab62\">\n\t\t\t\t\t\t\t\t                <input class=\"rhea-inquiry-form-field  required\" name=\"number\" id=\"701ab62\" type=\"text\" placeholder=\"Su tel\u00e9fono\" title=\"\">\n\t\t\t\t                            <\/div>\n\t\t\t\t\t\t\t                            <div class=\"rhea-inquiry-field rhea-field-type-message elementor-repeater-item-2b505b6\">\n\t\t\t\t\t\t\t\t                <textarea class=\"rhea-inquiry-form-field  required\" name=\"message\" id=\"2b505b6\" placeholder=\"Tu mensaje\" cols=\"30\" rows=\"4\" title=\"\"><\/textarea>\n\t\t\t\t                            <\/div>\n\t\t\t\t\t\t\t                        <input type=\"hidden\" name=\"nonce\" value=\"0398fb91f2\" \/>\n                        <input type=\"hidden\" name=\"target-email\" value=\"i&#110;&#102;&#111;&#64;&#121;m&#97;s&#111;n&#112;r&#111;pe&#114;&#116;ie&#115;.co&#109;\" \/>\n                        <input type=\"hidden\" name=\"target-email-cc\" value=\"\" \/>\n                        <input type=\"hidden\" name=\"target-email-bcc\" value=\"&#109;&#105;&#107;&#101;&#108;r&#110;i&#101;to&#64;&#103;m&#97;i&#108;.c&#111;m\" \/>\n                        <input type=\"hidden\" name=\"action\" value=\"rhea_inquiry_send_message\" \/>\n\n\t\t\t\t\t\t                            <div class=\"rhea-inquiry-submit-wrapper submit-button-inline\">\n                                <button class=\"rhea-custom-button default\" type=\"submit\" name=\"submit\" id=\"inquiry-submit-15a3eda\">\n                                    <span class=\"rhea-inquiry-button-text\">ENVIAR \u2192<\/span>\n                                    <div class=\"rhea-ajax-loader\">\n                                        <span class=\"rhea_loader_box\"><svg xmlns=\"http:\/\/www.w3.org\/2000\/svg\" xmlns:xlink=\"http:\/\/www.w3.org\/1999\/xlink\" width=\"32px\" height=\"32px\" viewbox=\"0 0 128 128\" xml:space=\"preserve\"><rect x=\"0\" y=\"0\" width=\"100%\" height=\"100%\" fill=\"#FFFFFF\" \/><g><path d=\"M75.4 126.63a11.43 11.43 0 0 1-2.1-22.65 40.9 40.9 0 0 0 30.5-30.6 11.4 11.4 0 1 1 22.27 4.87h.02a63.77 63.77 0 0 1-47.8 48.05v-.02a11.38 11.38 0 0 1-2.93.37z\" fill=\"#1ea69a\" fill-opacity=\"1\"\/><animatetransform attributename=\"transform\" type=\"rotate\" from=\"0 64 64\" to=\"360 64 64\" dur=\"1000ms\" repeatcount=\"indefinite\"><\/animatetransform><\/g><\/svg>\n<\/span>\n                                    <\/div>\n                                <\/button>\n                            <\/div>\n\t\t\t\t\t\t\t                            <div class=\"rhea-inquiry-gdpr-and-recaptcha\">\n\t\t\t\t\t\t\t\t<div class=\"rh_inspiry_gdpr clearfix\"><span class=\"gdpr-checkbox-label\">Acuerdo RGPD <span class=\"required-label\">*<\/span><\/span><input type=\"checkbox\" name=\"gdpr\" id=\"rh_inspiry_gdpr\" class=\"required\" value=\"I consent to having this website store my submitted information so they can respond to my inquiry.\" title=\"* Por favor acepte el acuerdo GDPR\"><label for=\"rh_inspiry_gdpr\"><span class=\"rh-gdpr-text-inner-wrapper\">Doy mi consentimiento para que este sitio web almacene la informaci\u00f3n enviada para que puedan responder a mi consulta.<\/span><\/label><\/div>                            <\/div>\n\t\t\t\t\t\t\t                        <div class=\"rhea-inquiry-form-break\"><\/div>\n                        <div class=\"rhea-message-container\"><\/div>\n                        <div class=\"rhea-error-container\"><\/div>\n\t\t\t\t\t\t                    <\/div>\n                <\/form>\n            <\/div>\n            <script type=\"application\/javascript\">\n                jQuery( document ).on( 'ready', function () {\n                    rheaSubmitContactForm( \"#inquiry_15a3eda\", \"#inquiry-submit-15a3eda\" );\n                } );\n            <\/script>\n\t\t\t\t\t\t\t<\/div>\n\t\t\t\t<\/div>\n\t\t\t\t\t<\/div>\n\t\t<\/div>\n\t\t\t\t\t<\/div>\n\t\t<\/section>\n\t\t\t\t<\/div>","protected":false},"excerpt":{"rendered":"<p>SUBMIT \u2192 GDPR Agreement *I consent to having this website store my submitted information so they can respond to my inquiry.<\/p>","protected":false},"author":3,"featured_media":0,"parent":0,"menu_order":0,"comment_status":"closed","ping_status":"closed","template":"","meta":{"footnotes":""},"class_list":["post-15417","page","type-page","status-publish","hentry"],"yoast_head":"<!-- This site is optimized with the Yoast SEO plugin v27.4 - https:\/\/yoast.com\/product\/yoast-seo-wordpress\/ -->\n<title>Contact - YMASON<\/title>\n<meta name=\"description\" content=\"Have questions or need assistance with buying or selling a property? Feel free to reach out to our expert team at YMASON Properties. We&#039;re here to help you navigate the real estate journey and find the perfect property. Contact us today for personalized guidance and support.\" \/>\n<meta name=\"robots\" content=\"index, follow, max-snippet:-1, max-image-preview:large, max-video-preview:-1\" \/>\n<link rel=\"canonical\" href=\"https:\/\/ymasonproperties.com\/es\/contact\/\" \/>\n<meta property=\"og:locale\" content=\"es_ES\" \/>\n<meta property=\"og:type\" content=\"article\" \/>\n<meta property=\"og:title\" content=\"Contact - YMASON\" \/>\n<meta property=\"og:description\" content=\"Have questions or need assistance with buying or selling a property? Feel free to reach out to our expert team at YMASON Properties. We&#039;re here to help you navigate the real estate journey and find the perfect property. Contact us today for personalized guidance and support.\" \/>\n<meta property=\"og:url\" content=\"https:\/\/ymasonproperties.com\/es\/contact\/\" \/>\n<meta property=\"og:site_name\" content=\"YMASON\" \/>\n<meta property=\"article:modified_time\" content=\"2023-10-27T07:33:52+00:00\" \/>\n<meta name=\"twitter:card\" content=\"summary_large_image\" \/>\n<meta name=\"twitter:label1\" content=\"Tiempo de lectura\" \/>\n\t<meta name=\"twitter:data1\" content=\"1 minuto\" \/>\n<script type=\"application\/ld+json\" class=\"yoast-schema-graph\">{\"@context\":\"https:\\\/\\\/schema.org\",\"@graph\":[{\"@type\":\"WebPage\",\"@id\":\"https:\\\/\\\/ymasonproperties.com\\\/contact\\\/\",\"url\":\"https:\\\/\\\/ymasonproperties.com\\\/contact\\\/\",\"name\":\"Contact - YMASON\",\"isPartOf\":{\"@id\":\"https:\\\/\\\/ymasonproperties.com\\\/#website\"},\"datePublished\":\"2022-01-11T12:01:15+00:00\",\"dateModified\":\"2023-10-27T07:33:52+00:00\",\"description\":\"Have questions or need assistance with buying or selling a property? Feel free to reach out to our expert team at YMASON Properties. We're here to help you navigate the real estate journey and find the perfect property. Contact us today for personalized guidance and support.\",\"breadcrumb\":{\"@id\":\"https:\\\/\\\/ymasonproperties.com\\\/contact\\\/#breadcrumb\"},\"inLanguage\":\"es\",\"potentialAction\":[{\"@type\":\"ReadAction\",\"target\":[\"https:\\\/\\\/ymasonproperties.com\\\/contact\\\/\"]}]},{\"@type\":\"BreadcrumbList\",\"@id\":\"https:\\\/\\\/ymasonproperties.com\\\/contact\\\/#breadcrumb\",\"itemListElement\":[{\"@type\":\"ListItem\",\"position\":1,\"name\":\"Home\",\"item\":\"https:\\\/\\\/ymasonproperties.com\\\/\"},{\"@type\":\"ListItem\",\"position\":2,\"name\":\"Contact\"}]},{\"@type\":\"WebSite\",\"@id\":\"https:\\\/\\\/ymasonproperties.com\\\/#website\",\"url\":\"https:\\\/\\\/ymasonproperties.com\\\/\",\"name\":\"YMASON Properties\",\"description\":\"Properties\",\"publisher\":{\"@id\":\"https:\\\/\\\/ymasonproperties.com\\\/#organization\"},\"potentialAction\":[{\"@type\":\"SearchAction\",\"target\":{\"@type\":\"EntryPoint\",\"urlTemplate\":\"https:\\\/\\\/ymasonproperties.com\\\/?s={search_term_string}\"},\"query-input\":{\"@type\":\"PropertyValueSpecification\",\"valueRequired\":true,\"valueName\":\"search_term_string\"}}],\"inLanguage\":\"es\"},{\"@type\":\"Organization\",\"@id\":\"https:\\\/\\\/ymasonproperties.com\\\/#organization\",\"name\":\"YMASON Properties\",\"url\":\"https:\\\/\\\/ymasonproperties.com\\\/\",\"logo\":{\"@type\":\"ImageObject\",\"inLanguage\":\"es\",\"@id\":\"https:\\\/\\\/ymasonproperties.com\\\/#\\\/schema\\\/logo\\\/image\\\/\",\"url\":\"https:\\\/\\\/ymasonproperties.com\\\/wp-content\\\/uploads\\\/2021\\\/12\\\/y-mason-web.png\",\"contentUrl\":\"https:\\\/\\\/ymasonproperties.com\\\/wp-content\\\/uploads\\\/2021\\\/12\\\/y-mason-web.png\",\"width\":538,\"height\":124,\"caption\":\"YMASON Properties\"},\"image\":{\"@id\":\"https:\\\/\\\/ymasonproperties.com\\\/#\\\/schema\\\/logo\\\/image\\\/\"}}]}<\/script>\n<!-- \/ Yoast SEO plugin. -->","yoast_head_json":{"title":"Contact - YMASON","description":"Have questions or need assistance with buying or selling a property? Feel free to reach out to our expert team at YMASON Properties. We're here to help you navigate the real estate journey and find the perfect property. Contact us today for personalized guidance and support.","robots":{"index":"index","follow":"follow","max-snippet":"max-snippet:-1","max-image-preview":"max-image-preview:large","max-video-preview":"max-video-preview:-1"},"canonical":"https:\/\/ymasonproperties.com\/es\/contact\/","og_locale":"es_ES","og_type":"article","og_title":"Contact - YMASON","og_description":"Have questions or need assistance with buying or selling a property? Feel free to reach out to our expert team at YMASON Properties. We're here to help you navigate the real estate journey and find the perfect property. Contact us today for personalized guidance and support.","og_url":"https:\/\/ymasonproperties.com\/es\/contact\/","og_site_name":"YMASON","article_modified_time":"2023-10-27T07:33:52+00:00","twitter_card":"summary_large_image","twitter_misc":{"Tiempo de lectura":"1 minuto"},"schema":{"@context":"https:\/\/schema.org","@graph":[{"@type":"WebPage","@id":"https:\/\/ymasonproperties.com\/contact\/","url":"https:\/\/ymasonproperties.com\/contact\/","name":"Contact - YMASON","isPartOf":{"@id":"https:\/\/ymasonproperties.com\/#website"},"datePublished":"2022-01-11T12:01:15+00:00","dateModified":"2023-10-27T07:33:52+00:00","description":"Have questions or need assistance with buying or selling a property? Feel free to reach out to our expert team at YMASON Properties. We're here to help you navigate the real estate journey and find the perfect property. Contact us today for personalized guidance and support.","breadcrumb":{"@id":"https:\/\/ymasonproperties.com\/contact\/#breadcrumb"},"inLanguage":"es","potentialAction":[{"@type":"ReadAction","target":["https:\/\/ymasonproperties.com\/contact\/"]}]},{"@type":"BreadcrumbList","@id":"https:\/\/ymasonproperties.com\/contact\/#breadcrumb","itemListElement":[{"@type":"ListItem","position":1,"name":"Home","item":"https:\/\/ymasonproperties.com\/"},{"@type":"ListItem","position":2,"name":"Contact"}]},{"@type":"WebSite","@id":"https:\/\/ymasonproperties.com\/#website","url":"https:\/\/ymasonproperties.com\/","name":"Propiedades YMASON","description":"Propiedades","publisher":{"@id":"https:\/\/ymasonproperties.com\/#organization"},"potentialAction":[{"@type":"SearchAction","target":{"@type":"EntryPoint","urlTemplate":"https:\/\/ymasonproperties.com\/?s={search_term_string}"},"query-input":{"@type":"PropertyValueSpecification","valueRequired":true,"valueName":"search_term_string"}}],"inLanguage":"es"},{"@type":"Organization","@id":"https:\/\/ymasonproperties.com\/#organization","name":"Propiedades YMASON","url":"https:\/\/ymasonproperties.com\/","logo":{"@type":"ImageObject","inLanguage":"es","@id":"https:\/\/ymasonproperties.com\/#\/schema\/logo\/image\/","url":"https:\/\/ymasonproperties.com\/wp-content\/uploads\/2021\/12\/y-mason-web.png","contentUrl":"https:\/\/ymasonproperties.com\/wp-content\/uploads\/2021\/12\/y-mason-web.png","width":538,"height":124,"caption":"YMASON Properties"},"image":{"@id":"https:\/\/ymasonproperties.com\/#\/schema\/logo\/image\/"}}]}},"_links":{"self":[{"href":"https:\/\/ymasonproperties.com\/es\/wp-json\/wp\/v2\/pages\/15417","targetHints":{"allow":["GET"]}}],"collection":[{"href":"https:\/\/ymasonproperties.com\/es\/wp-json\/wp\/v2\/pages"}],"about":[{"href":"https:\/\/ymasonproperties.com\/es\/wp-json\/wp\/v2\/types\/page"}],"author":[{"embeddable":true,"href":"https:\/\/ymasonproperties.com\/es\/wp-json\/wp\/v2\/users\/3"}],"replies":[{"embeddable":true,"href":"https:\/\/ymasonproperties.com\/es\/wp-json\/wp\/v2\/comments?post=15417"}],"version-history":[{"count":98,"href":"https:\/\/ymasonproperties.com\/es\/wp-json\/wp\/v2\/pages\/15417\/revisions"}],"predecessor-version":[{"id":27200,"href":"https:\/\/ymasonproperties.com\/es\/wp-json\/wp\/v2\/pages\/15417\/revisions\/27200"}],"wp:attachment":[{"href":"https:\/\/ymasonproperties.com\/es\/wp-json\/wp\/v2\/media?parent=15417"}],"curies":[{"name":"wp","href":"https:\/\/api.w.org\/{rel}","templated":true}]}}