{"id":3,"date":"2021-11-25T16:27:36","date_gmt":"2021-11-25T16:27:36","guid":{"rendered":"http:\/\/ymasonproperties.com\/?page_id=3"},"modified":"2023-08-27T17:27:27","modified_gmt":"2023-08-27T17:27:27","slug":"privacy-policy","status":"publish","type":"page","link":"https:\/\/ymasonproperties.com\/es\/privacy-policy\/","title":{"rendered":"pol\u00edtica de privacidad"},"content":{"rendered":"<h2 class=\"wp-block-heading\" id=\"responsible-for-treatment\">RESPONSABLE DEL TRATAMIENTO<\/h2>\n\n\n\n<p><strong>Identidad: YMASON<\/strong> Propiedades<\/p>\n\n\n\n<p><strong>NIF:<\/strong>&nbsp;47630842G<\/p>\n\n\n\n<p><strong>DIRECCI\u00d3N:\u00a0<\/strong>Carrer de Salvador Olivella, 6, 08870 Sitges, Barcelona(Espa\u00f1a)<\/p>\n\n\n\n<p><strong>Correo electr\u00f3nico:<\/strong>&nbsp;info@ymasonproperties.com<\/p>\n\n\n\n<p><strong><strong>YMAS\u00d3N<\/strong> Propiedades<\/strong>, como responsable del Sitio Web, de conformidad con lo dispuesto en el Reglamento UE 2016\/679 de 27 de abril de 2016 (RGPD) relativo a la protecci\u00f3n de las personas f\u00edsicas en lo que respecta al tratamiento de datos personales y a la libre circulaci\u00f3n de estos datos y dem\u00e1s normativa vigente en materia de protecci\u00f3n de datos personales, y por la Ley 34\/2002, de 11 de julio, de Servicios de la Sociedad de la Informaci\u00f3n y de Comercio Electr\u00f3nico (LSSICE), le informa que se han implantado las medidas de seguridad necesarias, de car\u00e1cter t\u00e9cnico y de car\u00e1cter organizacional, para garantizar y proteger la confidencialidad, integridad y disponibilidad de los datos ingresados.<\/p>\n\n\n\n<h2 class=\"wp-block-heading\" id=\"purpose-of-the-treatment\">FINALIDAD DEL TRATAMIENTO<\/h2>\n\n\n\n<p>Sus datos personales s\u00f3lo ser\u00e1n utilizados para las siguientes finalidades:<\/p>\n\n\n\n<p>\u2013 Realizar las gestiones comerciales y administrativas necesarias con los usuarios de la web;<\/p>\n\n\n\n<p>\u2013 Para el env\u00edo de comunicaciones comerciales publicitarias por correo electr\u00f3nico, fax, SMS, MMS, comunidades sociales o cualquier otro medio electr\u00f3nico o f\u00edsico, en el caso de que el Usuario haya prestado su consentimiento expreso para el env\u00edo de comunicaciones comerciales por v\u00eda electr\u00f3nica mediante la suscripci\u00f3n a la NEWSLETTER;<\/p>\n\n\n\n<p>\u2013 Para responder consultas y\/o brindar informaci\u00f3n requerida por el Usuario; &nbsp;<\/p>\n\n\n\n<p>\u2013 Para llevar a cabo la prestaci\u00f3n de servicios y\/o productos contratados o suscritos por el Usuario;<\/p>\n\n\n\n<p>\u2013 Utilizar los datos para contactarlo, tanto por v\u00eda electr\u00f3nica como no electr\u00f3nica, para obtener su opini\u00f3n sobre el servicio prestado y,<\/p>\n\n\n\n<p>\u2013 Para notificarle sobre cambios, novedades importantes en la pol\u00edtica de privacidad, aviso legal o pol\u00edtica de cookies;<\/p>\n\n\n\n<p>\u2013 Realizar an\u00e1lisis de perfiles y usabilidad;&nbsp;<\/p>\n\n\n\n<p>\u2013 Los datos de los clientes y\/o proveedores ser\u00e1n tratados, dentro de la relaci\u00f3n contractual que los vincula con el responsable, en cumplimiento de las obligaciones administrativas, fiscales, contables y laborales que sean necesarias conforme a las normas vigentes;<\/p>\n\n\n\n<p>\u2013 Seguridad de las instalaciones mediante un sistema de videovigilancia.<\/p>\n\n\n\n<p>Puede revocar su consentimiento en cualquier momento escribiendo a info@ymasonproperties.com con el asunto \u201cBaja suscripci\u00f3n\u201d<\/p>\n\n\n\n<p>Seg\u00fan la LSSICE, <strong>YMAS\u00d3N<\/strong> Properties no realiza SPAM, por lo tanto, no env\u00eda correos electr\u00f3nicos comerciales que no hayan sido previamente solicitados o autorizados por el Usuario. En consecuencia, en todas las comunicaciones que recibir\u00e1 de <strong>YMAS\u00d3N<\/strong> Propiedades, el usuario tiene la posibilidad de cancelar su consentimiento para recibir nuestras comunicaciones.<\/p>\n\n\n\n<p>No trataremos sus datos personales para ninguna otra finalidad que las descritas salvo obligaci\u00f3n legal o requerimiento judicial.<\/p>\n\n\n\n<p>Sus datos se conservar\u00e1n mientras dure la relaci\u00f3n comercial con nosotros o hasta que ejerza su derecho de cancelaci\u00f3n u oposici\u00f3n, o limitaci\u00f3n al tratamiento. No obstante, conservaremos determinados datos personales identificativos y de tr\u00e1fico durante un plazo m\u00e1ximo de 2 a\u00f1os por si fuera requerido por Jueces y Tribunales o para iniciar acciones internas derivadas del uso indebido de la web.<\/p>\n\n\n\n<p>No ser\u00e1 objeto de decisiones basadas en tratamientos automatizados que produzcan efectos en sus datos.<\/p>\n\n\n\n<h2 class=\"wp-block-heading\" id=\"legitimation-of-the-treatment\">LEGITIMACI\u00d3N DEL TRATAMIENTO<\/h2>\n\n\n\n<p>La base legal para el tratamiento de los datos es su consentimiento prestado para llevar a cabo las finalidades descritas anteriormente, que le ser\u00e1 solicitado en el momento de marcar la casilla correspondiente en el momento de la recogida de sus datos.<\/p>\n\n\n\n<p>El no facilitar los datos personales solicitados o el no aceptar la presente pol\u00edtica de protecci\u00f3n de datos supone la imposibilidad de suscribirse, registrarse o recibir informaci\u00f3n sobre los productos y servicios del Prestador.<\/p>\n\n\n\n<p>En los casos en que exista una relaci\u00f3n contractual previa entre las partes, la legitimaci\u00f3n para el desarrollo de las obligaciones administrativas, fiscales, contables y laborales que sean necesarias conforme a la legislaci\u00f3n vigente ser\u00e1 la existencia previa de la relaci\u00f3n comercial establecida entre las partes.<\/p>\n\n\n\n<h2 class=\"wp-block-heading\" id=\"communications\">COMUNICACIONES<\/h2>\n\n\n\n<p>Cualquier comunicaci\u00f3n enviada quedar\u00e1 incorporada a los sistemas de informaci\u00f3n de <strong>YMAS\u00d3N<\/strong> Propiedades. Al aceptar estas condiciones, t\u00e9rminos y pol\u00edticas, el Usuario consiente expresamente a <strong>YMAS\u00d3N<\/strong> Propiedades que realicen las siguientes actividades y\/o acciones, salvo que el Usuario indique lo contrario:<\/p>\n\n\n\n<p>\u2013 El env\u00edo de comunicaciones comerciales y\/o promocionales por cualquier medio habilitado informando a los Usuarios de las actividades, servicios, promociones, anuncios, noticias, ofertas y dem\u00e1s informaci\u00f3n sobre los servicios y productos relacionados con la actividad.<\/p>\n\n\n\n<p>\u2013 En caso de que el Usuario haya prestado su consentimiento expreso para el env\u00edo de comunicaciones comerciales por v\u00eda electr\u00f3nica mediante la suscripci\u00f3n a la NEWSLETTER, el env\u00edo de dichas comunicaciones por medios electr\u00f3nicos informando a los Usuarios de las actividades, servicios, promociones, anuncios, noticias, ofertas y dem\u00e1s informaci\u00f3n sobre los servicios y productos de <strong>YMAS\u00d3N<\/strong> Propiedades iguales o similares a las que originalmente fueron objeto de contrataci\u00f3n o inter\u00e9s por parte del Usuario.<\/p>\n\n\n\n<p>\u2013 La conservaci\u00f3n de los datos durante los plazos previstos en las disposiciones aplicables.<\/p>\n\n\n\n<h2 class=\"wp-block-heading\" id=\"official-communication-means\">MEDIOS OFICIALES DE COMUNICACI\u00d3N<\/h2>\n\n\n\n<p>Se informa al usuario que los medios habilitados por la empresa para comunicarse con los clientes y dem\u00e1s afectados son el tel\u00e9fono corporativo, los tel\u00e9fonos m\u00f3viles corporativos y el correo electr\u00f3nico corporativo.<\/p>\n\n\n\n<p>Si env\u00eda informaci\u00f3n personal a trav\u00e9s de un medio de comunicaci\u00f3n distinto a los indicados en este apartado, la EMPRESA quedar\u00e1 exenta de responsabilidad en relaci\u00f3n con las medidas de seguridad de que disponga el medio en cuesti\u00f3n.<\/p>\n\n\n\n<h2 class=\"wp-block-heading\" id=\"recipients-of-cessions-or-transfers\">DESTINATARIOS DE CESIONES O TRANSFERENCIAS<\/h2>\n\n\n\n<p><strong>YMAS\u00d3N<\/strong> Properties no realiza ninguna cesi\u00f3n o comunicaci\u00f3n de datos ni dentro ni fuera de la UE. En cualquier otro caso, <strong>YMAS\u00d3N<\/strong> Propiedades solicitar\u00e1 el consentimiento previo del Usuario. El Prestador \u00fanicamente facilitar\u00e1 informaci\u00f3n a las fuerzas y cuerpos de seguridad por orden judicial o por obligaci\u00f3n de una norma legal, sin perjuicio de poder bloquear o cancelar su cuenta si existen indicios de la comisi\u00f3n de alg\u00fan delito por parte del usuario. La informaci\u00f3n proporcionada s\u00f3lo estar\u00e1 disponible para el proveedor en este momento.<\/p>\n\n\n\n<p>La informaci\u00f3n que nos facilite tanto a trav\u00e9s de este sitio web como a trav\u00e9s de la aplicaci\u00f3n quedar\u00e1 alojada en el <strong>YMAS\u00d3N<\/strong> Servidores de propiedades.<\/p>\n\n\n\n<h2 class=\"wp-block-heading\" id=\"rights-of-interested-persons\">DERECHOS DE LAS PERSONAS INTERESADAS<\/h2>\n\n\n\n<p>Como usuario interesado, puede solicitar el ejercicio de los siguientes derechos ante <strong>YMAS\u00d3N<\/strong> Properties enviando un escrito a la direcci\u00f3n postal del encabezamiento o enviando un correo electr\u00f3nico a info@ymasonproperties.com, indicando como Asunto: \u201cRGPD, Derechos Afectados\u201d, y adjuntando fotocopia de su DNI o cualquier medio an\u00e1logo en derecho, tal y como indica la ley.<\/p>\n\n\n\n<p><strong>Derechos:<\/strong><\/p>\n\n\n\n<p>\u2013 Derecho de acceso: permite al interesado conocer y obtener informaci\u00f3n sobre sus datos personales sometidos a tratamiento.<\/p>\n\n\n\n<p>\u2013 Derecho de rectificaci\u00f3n o supresi\u00f3n: permite corregir errores y modificar los datos que resulten ser inexactos o incompletos.<\/p>\n\n\n\n<p>\u2013 Derecho de cancelaci\u00f3n: permite suprimir los datos que resulten inadecuados o excesivos.<\/p>\n\n\n\n<p>\u2013 Derecho de oposici\u00f3n: derecho del interesado a que no se lleve a cabo el tratamiento de sus datos personales o se cese en el mismo.<\/p>\n\n\n\n<p>\u2013 Limitaci\u00f3n del tratamiento: consiste en la marcaci\u00f3n de los datos personales conservados, con la finalidad de limitar su tratamiento futuro.<\/p>\n\n\n\n<p>\u2013 Portabilidad de los datos: facilitaci\u00f3n de los datos objeto de tratamiento al interesado, para que pueda transmitirlos a otro responsable, sin impedimentos.<\/p>\n\n\n\n<p>\u2013 Derecho a no ser objeto de decisiones individuales automatizadas (incluida la elaboraci\u00f3n de perfiles): derecho a no ser objeto de una decisi\u00f3n basada en un tratamiento automatizado que produzca efectos o afecte significativamente.<\/p>\n\n\n\n<p>Como usuario, tienes derecho a retirar el consentimiento prestado en cualquier momento. La retirada del consentimiento no afectar\u00e1 a la licitud del tratamiento realizado antes de la retirada del consentimiento.<\/p>\n\n\n\n<p>Tambi\u00e9n tiene derecho a presentar una reclamaci\u00f3n ante la autoridad de control si considera que pueden haberse visto vulnerados sus derechos en lo concerniente a la protecci\u00f3n de sus datos (agpd.es).<\/p>\n\n\n\n<h2 class=\"wp-block-heading\" id=\"additional-information\">INFORMACI\u00d3N ADICIONAL<\/h2>\n\n\n\n<p><strong>INFORMACI\u00d3N QUE RECOPILAMOS<\/strong><\/p>\n\n\n\n<p>Los datos recabados por el responsable son los siguientes:<\/p>\n\n\n\n<p>\u2013 Las que los usuarios presten a trav\u00e9s de los diferentes servicios ofrecidos en el sitio web<\/p>\n\n\n\n<p>\u2013 La incluida en los diferentes formularios dispuestos en el sitio web<\/p>\n\n\n\n<p>\u2013 Datos recabados mediante \u201ccookies\u201d para la mejora de la experiencia de navegaci\u00f3n seg\u00fan se informa en la pol\u00edtica de cookies.<\/p>\n\n\n\n<p>Con esta Pol\u00edtica de Privacidad le informamos que las fotograf\u00edas que se publican en el sitio web son propiedad de <strong>YMAS\u00d3N<\/strong> Bienes, incluidos los de menores, en los que, para su obtenci\u00f3n, se haya obtenido previamente el consentimiento de los padres, tutores o representantes legales mediante la firma de los formularios elaborados al efecto por los centros de los que formen parte los menores.<\/p>\n\n\n\n<p><strong>REDES SOCIALES<\/strong><\/p>\n\n\n\n<p>Le informamos que <strong>YMAS\u00d3N<\/strong> Las propiedades pueden tener presencia en las redes sociales. El tratamiento de los datos que se realice de las personas que se hagan seguidoras en las redes sociales (y\/o realicen cualquier conexi\u00f3n o acci\u00f3n de conexi\u00f3n a trav\u00e9s de las redes sociales) de la <strong>YMAS\u00d3N<\/strong> Las p\u00e1ginas oficiales de las propiedades se regir\u00e1n por este apartado, as\u00ed como por aquellas condiciones de uso, pol\u00edticas de privacidad y normas de acceso que pertenezcan a la red social que proceda en cada caso y aceptadas previamente por el usuario.<\/p>\n\n\n\n<p><strong>YMAS\u00d3N<\/strong> Properties tratar\u00e1 sus datos con las finalidades de gestionar correctamente su presencia en la red social, inform\u00e1ndole de actividades, productos o servicios del prestador, as\u00ed como para cualquier otra finalidad que permita la normativa de las Redes Sociales.<\/p>\n\n\n\n<p>Queda prohibida la publicaci\u00f3n de contenidos:<\/p>\n\n\n\n<p>\u2013 Que sean presuntamente il\u00edcitos por la normativa nacional, comunitaria o internacional o que realicen actividades presuntamente il\u00edcitas o contrarias a los principios de la buena fe.<\/p>\n\n\n\n<p>\u2013 Que atenten contra los derechos fundamentales de las personas, falten a la cortes\u00eda en la red, molesten o puedan generar opiniones negativas en nuestros usuarios o en terceros y en general cualesquiera contenidos que SIR considere inadecuados.<\/p>\n\n\n\n<p>\u2013 Y en general que contravengan los principios de legalidad, honradez, responsabilidad, protecci\u00f3n de la dignidad humana, protecci\u00f3n de menores, protecci\u00f3n del orden p\u00fablico, protecci\u00f3n de la intimidad, protecci\u00f3n de los consumidores y derechos de propiedad intelectual e industrial.<\/p>\n\n\n\n<p>Asimismo, <strong>YMAS\u00d3N<\/strong> Properties se reserva el derecho a retirar, sin previo aviso del sitio web o de la red social corporativa aquellos contenidos que se consideren no apropiados.<\/p>\n\n\n\n<p>Las comunicaciones enviadas a trav\u00e9s de las redes sociales ser\u00e1n incorporadas a un fichero titularidad de <strong>YMAS\u00d3N<\/strong> Propiedades, quienes podr\u00e1n remitirle informaci\u00f3n de inter\u00e9s.<\/p>\n\n\n\n<p>Puede acceder a m\u00e1s informaci\u00f3n, as\u00ed como consultar las empresas que forman parte de nuestro grupo, en esta pol\u00edtica de privacidad.<\/p>\n\n\n\n<p>En cualquier caso, si env\u00eda informaci\u00f3n personal a trav\u00e9s de la red social, <strong>YMAS\u00d3N<\/strong> Properties quedar\u00e1 exenta de responsabilidad en relaci\u00f3n con las medidas de seguridad aplicables a esta plataforma, debiendo el usuario, en caso de querer conocerlas, consultar las correspondientes condiciones particulares de la red de que se trate.<\/p>\n\n\n\n<p><strong>MEDIDAS DE SEGURIDAD<\/strong><\/p>\n\n\n\n<p>La informaci\u00f3n que proporcione ser\u00e1 tratada de forma confidencial. El Prestador ha adoptado todas las medidas de \u00edndole t\u00e9cnica y organizativa y todos los niveles de protecci\u00f3n necesarios para garantizar la seguridad en el tratamiento de los datos y evitar su alteraci\u00f3n, p\u00e9rdida, robo, tratamiento o acceso no autorizado, seg\u00fan el estado de la tecnolog\u00eda y naturaleza de los datos almacenados. Asimismo, tambi\u00e9n se garantiza que el tratamiento y registro en archivos, programas, sistemas o equipos, locales y centros cumplen con los requisitos y condiciones de integridad y seguridad establecidos en la normativa vigente.<\/p>\n\n\n\n<p><strong>CAMBIOS EN ESTA POL\u00cdTICA DE PRIVACIDAD<\/strong><\/p>\n\n\n\n<p><strong>YMAS\u00d3N<\/strong> Propiedades se reserva el derecho a modificar la presente pol\u00edtica para adaptarla a novedades legislativas o jurisprudenciales.<\/p>\n\n\n\n<p><strong>LEGISLACI\u00d3N<\/strong><\/p>\n\n\n\n<p>A todos los efectos, las relaciones entre <strong>YMAS\u00d3N<\/strong> Las Propiedades y los Usuarios de sus servicios telem\u00e1ticos, presentes en este Sitio Web, se encuentran sometidos a la legislaci\u00f3n y jurisdicci\u00f3n espa\u00f1ola a la que se someten expresamente las partes.<\/p>","protected":false},"excerpt":{"rendered":"<p>RESPONSIBLE FOR TREATMENT Identity:&nbsp;YMASON Properties NIF:&nbsp;47630842G Address:\u00a0Carrer de Salvador Olivella, 6, 08870 Sitges, Barcelona(Spain) Email:&nbsp;info@ymasonproperties.com YMASON Properties, as responsible for the Website, in accordance with the provisions of EU Regulation 2016\/679 of April 27, 2016 (RGPD) on the protection of individuals with regard to the processing of personal data and the free circulation of this&#8230;<\/p>","protected":false},"author":3,"featured_media":0,"parent":0,"menu_order":0,"comment_status":"closed","ping_status":"open","template":"","meta":{"footnotes":""},"class_list":["post-3","page","type-page","status-publish","hentry"],"yoast_head":"<!-- This site is optimized with the Yoast SEO plugin v27.4 - https:\/\/yoast.com\/product\/yoast-seo-wordpress\/ -->\n<title>Privacy Policy - YMASON<\/title>\n<meta name=\"robots\" content=\"index, follow, max-snippet:-1, max-image-preview:large, max-video-preview:-1\" \/>\n<link rel=\"canonical\" href=\"https:\/\/ymasonproperties.com\/es\/privacy-policy\/\" \/>\n<meta property=\"og:locale\" content=\"es_ES\" \/>\n<meta property=\"og:type\" content=\"article\" \/>\n<meta property=\"og:title\" content=\"Privacy Policy - YMASON\" \/>\n<meta property=\"og:description\" content=\"RESPONSIBLE FOR TREATMENT Identity:&nbsp;YMASON Properties NIF:&nbsp;47630842G Address:\u00a0Carrer de Salvador Olivella, 6, 08870 Sitges, Barcelona(Spain) Email:&nbsp;info@ymasonproperties.com YMASON Properties, as responsible for the Website, in accordance with the provisions of EU Regulation 2016\/679 of April 27, 2016 (RGPD) on the protection of individuals with regard to the processing of personal data and the free circulation of this...\" \/>\n<meta property=\"og:url\" content=\"https:\/\/ymasonproperties.com\/es\/privacy-policy\/\" \/>\n<meta property=\"og:site_name\" content=\"YMASON\" \/>\n<meta property=\"article:modified_time\" content=\"2023-08-27T17:27:27+00:00\" \/>\n<meta name=\"twitter:card\" content=\"summary_large_image\" \/>\n<meta name=\"twitter:label1\" content=\"Tiempo de lectura\" \/>\n\t<meta name=\"twitter:data1\" content=\"9 minutos\" \/>\n<script type=\"application\/ld+json\" class=\"yoast-schema-graph\">{\"@context\":\"https:\\\/\\\/schema.org\",\"@graph\":[{\"@type\":\"WebPage\",\"@id\":\"https:\\\/\\\/ymasonproperties.com\\\/privacy-policy\\\/\",\"url\":\"https:\\\/\\\/ymasonproperties.com\\\/privacy-policy\\\/\",\"name\":\"Privacy Policy - YMASON\",\"isPartOf\":{\"@id\":\"https:\\\/\\\/ymasonproperties.com\\\/#website\"},\"datePublished\":\"2021-11-25T16:27:36+00:00\",\"dateModified\":\"2023-08-27T17:27:27+00:00\",\"breadcrumb\":{\"@id\":\"https:\\\/\\\/ymasonproperties.com\\\/privacy-policy\\\/#breadcrumb\"},\"inLanguage\":\"es\",\"potentialAction\":[{\"@type\":\"ReadAction\",\"target\":[\"https:\\\/\\\/ymasonproperties.com\\\/privacy-policy\\\/\"]}]},{\"@type\":\"BreadcrumbList\",\"@id\":\"https:\\\/\\\/ymasonproperties.com\\\/privacy-policy\\\/#breadcrumb\",\"itemListElement\":[{\"@type\":\"ListItem\",\"position\":1,\"name\":\"Home\",\"item\":\"https:\\\/\\\/ymasonproperties.com\\\/\"},{\"@type\":\"ListItem\",\"position\":2,\"name\":\"Privacy Policy\"}]},{\"@type\":\"WebSite\",\"@id\":\"https:\\\/\\\/ymasonproperties.com\\\/#website\",\"url\":\"https:\\\/\\\/ymasonproperties.com\\\/\",\"name\":\"YMASON Properties\",\"description\":\"Properties\",\"publisher\":{\"@id\":\"https:\\\/\\\/ymasonproperties.com\\\/#organization\"},\"potentialAction\":[{\"@type\":\"SearchAction\",\"target\":{\"@type\":\"EntryPoint\",\"urlTemplate\":\"https:\\\/\\\/ymasonproperties.com\\\/?s={search_term_string}\"},\"query-input\":{\"@type\":\"PropertyValueSpecification\",\"valueRequired\":true,\"valueName\":\"search_term_string\"}}],\"inLanguage\":\"es\"},{\"@type\":\"Organization\",\"@id\":\"https:\\\/\\\/ymasonproperties.com\\\/#organization\",\"name\":\"YMASON Properties\",\"url\":\"https:\\\/\\\/ymasonproperties.com\\\/\",\"logo\":{\"@type\":\"ImageObject\",\"inLanguage\":\"es\",\"@id\":\"https:\\\/\\\/ymasonproperties.com\\\/#\\\/schema\\\/logo\\\/image\\\/\",\"url\":\"https:\\\/\\\/ymasonproperties.com\\\/wp-content\\\/uploads\\\/2021\\\/12\\\/y-mason-web.png\",\"contentUrl\":\"https:\\\/\\\/ymasonproperties.com\\\/wp-content\\\/uploads\\\/2021\\\/12\\\/y-mason-web.png\",\"width\":538,\"height\":124,\"caption\":\"YMASON Properties\"},\"image\":{\"@id\":\"https:\\\/\\\/ymasonproperties.com\\\/#\\\/schema\\\/logo\\\/image\\\/\"}}]}<\/script>\n<!-- \/ Yoast SEO plugin. -->","yoast_head_json":{"title":"Privacy Policy - YMASON","robots":{"index":"index","follow":"follow","max-snippet":"max-snippet:-1","max-image-preview":"max-image-preview:large","max-video-preview":"max-video-preview:-1"},"canonical":"https:\/\/ymasonproperties.com\/es\/privacy-policy\/","og_locale":"es_ES","og_type":"article","og_title":"Privacy Policy - YMASON","og_description":"RESPONSIBLE FOR TREATMENT Identity:&nbsp;YMASON Properties NIF:&nbsp;47630842G Address:\u00a0Carrer de Salvador Olivella, 6, 08870 Sitges, Barcelona(Spain) Email:&nbsp;info@ymasonproperties.com YMASON Properties, as responsible for the Website, in accordance with the provisions of EU Regulation 2016\/679 of April 27, 2016 (RGPD) on the protection of individuals with regard to the processing of personal data and the free circulation of this...","og_url":"https:\/\/ymasonproperties.com\/es\/privacy-policy\/","og_site_name":"YMASON","article_modified_time":"2023-08-27T17:27:27+00:00","twitter_card":"summary_large_image","twitter_misc":{"Tiempo de lectura":"9 minutos"},"schema":{"@context":"https:\/\/schema.org","@graph":[{"@type":"WebPage","@id":"https:\/\/ymasonproperties.com\/privacy-policy\/","url":"https:\/\/ymasonproperties.com\/privacy-policy\/","name":"Privacy Policy - YMASON","isPartOf":{"@id":"https:\/\/ymasonproperties.com\/#website"},"datePublished":"2021-11-25T16:27:36+00:00","dateModified":"2023-08-27T17:27:27+00:00","breadcrumb":{"@id":"https:\/\/ymasonproperties.com\/privacy-policy\/#breadcrumb"},"inLanguage":"es","potentialAction":[{"@type":"ReadAction","target":["https:\/\/ymasonproperties.com\/privacy-policy\/"]}]},{"@type":"BreadcrumbList","@id":"https:\/\/ymasonproperties.com\/privacy-policy\/#breadcrumb","itemListElement":[{"@type":"ListItem","position":1,"name":"Home","item":"https:\/\/ymasonproperties.com\/"},{"@type":"ListItem","position":2,"name":"Privacy Policy"}]},{"@type":"WebSite","@id":"https:\/\/ymasonproperties.com\/#website","url":"https:\/\/ymasonproperties.com\/","name":"Propiedades YMASON","description":"Propiedades","publisher":{"@id":"https:\/\/ymasonproperties.com\/#organization"},"potentialAction":[{"@type":"SearchAction","target":{"@type":"EntryPoint","urlTemplate":"https:\/\/ymasonproperties.com\/?s={search_term_string}"},"query-input":{"@type":"PropertyValueSpecification","valueRequired":true,"valueName":"search_term_string"}}],"inLanguage":"es"},{"@type":"Organization","@id":"https:\/\/ymasonproperties.com\/#organization","name":"Propiedades YMASON","url":"https:\/\/ymasonproperties.com\/","logo":{"@type":"ImageObject","inLanguage":"es","@id":"https:\/\/ymasonproperties.com\/#\/schema\/logo\/image\/","url":"https:\/\/ymasonproperties.com\/wp-content\/uploads\/2021\/12\/y-mason-web.png","contentUrl":"https:\/\/ymasonproperties.com\/wp-content\/uploads\/2021\/12\/y-mason-web.png","width":538,"height":124,"caption":"YMASON Properties"},"image":{"@id":"https:\/\/ymasonproperties.com\/#\/schema\/logo\/image\/"}}]}},"_links":{"self":[{"href":"https:\/\/ymasonproperties.com\/es\/wp-json\/wp\/v2\/pages\/3","targetHints":{"allow":["GET"]}}],"collection":[{"href":"https:\/\/ymasonproperties.com\/es\/wp-json\/wp\/v2\/pages"}],"about":[{"href":"https:\/\/ymasonproperties.com\/es\/wp-json\/wp\/v2\/types\/page"}],"author":[{"embeddable":true,"href":"https:\/\/ymasonproperties.com\/es\/wp-json\/wp\/v2\/users\/3"}],"replies":[{"embeddable":true,"href":"https:\/\/ymasonproperties.com\/es\/wp-json\/wp\/v2\/comments?post=3"}],"version-history":[{"count":5,"href":"https:\/\/ymasonproperties.com\/es\/wp-json\/wp\/v2\/pages\/3\/revisions"}],"predecessor-version":[{"id":26363,"href":"https:\/\/ymasonproperties.com\/es\/wp-json\/wp\/v2\/pages\/3\/revisions\/26363"}],"wp:attachment":[{"href":"https:\/\/ymasonproperties.com\/es\/wp-json\/wp\/v2\/media?parent=3"}],"curies":[{"name":"wp","href":"https:\/\/api.w.org\/{rel}","templated":true}]}}